{"id":191,"date":"2019-03-06T02:32:43","date_gmt":"2019-03-06T02:32:43","guid":{"rendered":"http:\/\/mau.hoabinhweb.com\/batdongsan2\/?post_type=product&#038;p=191"},"modified":"2021-03-28T18:41:22","modified_gmt":"2021-03-28T11:41:22","slug":"chuyen-cho-thue-can-ho-chinh-chu-chung-cu-trung-hoa-nhan-chinh-lh-0981331919","status":"publish","type":"product","link":"http:\/\/mau.hoabinhweb.com\/batdongsan2\/du-an\/chuyen-cho-thue-can-ho-chinh-chu-chung-cu-trung-hoa-nhan-chinh-lh-0981331919\/","title":{"rendered":"Chuy\u00ean cho thu\u00ea c\u0103n h\u1ed9 ch\u00ednh ch\u1ee7 chung c\u01b0 Trung H\u00f2a Nh\u00e2n Ch\u00ednh, LH: 0981331919"},"content":{"rendered":"<p>Danh s\u00e1ch 1 s\u1ed1 c\u0103n h\u1ed9 ch\u00ednh ch\u1ee7 \u0111ang c\u1ea7n cho thu\u00ea:<br \/>\nCh\u00fang t\u00f4i c\u00f3 ph\u00e2n ph\u1ed1i c\u00e1c c\u0103n h\u1ed9 chung c\u01b0 cho thu\u00ea b\u00ean Trung H\u00f2a Nh\u00e2n Ch\u00ednh \u0111\u1ea7y \u0111\u1ee7 c\u00e1c lo\u1ea1i di\u1ec7n t\u00edch v\u1edbi gi\u00e1 th\u1ea5p nh\u1ea5t:<\/p>\n<p>C\u0103n h\u1ed9 r\u1ed9ng 65m2, 1 ph\u00f2ng ng\u1ee7, \u0111\u1ee7 \u0111\u1ed3 ch\u1ec9 t\u1eeb 9 tr\/th\u00e1ng.<\/p>\n<p>C\u0103n h\u1ed9 r\u1ed9ng 74m2, 2 ph\u00f2ng ng\u1ee7, full n\u1ed9i th\u1ea5t \u0111\u1eb9p gi\u00e1 ch\u1ec9 t\u1eeb 12 tr\/th\u00e1ng.<\/p>\n<p>C\u0103n h\u1ed9 r\u1ed9ng 84m2, 2 ph\u00f2ng ng\u1ee7, full n\u1ed9i th\u1ea5t \u0111\u1eb9p gi\u00e1 ch\u1ec9 t\u1eeb 13 tr\/th\u00e1ng.<\/p>\n<p>C\u0103n h\u1ed9 r\u1ed9ng 84m2, 2 ph\u00f2ng ng\u1ee7, \u0111\u1ed3 c\u01a1 b\u1ea3n gi\u00e1 ch\u1ec9 t\u1eeb 10 tr\/th\u00e1ng.<\/p>\n<p>C\u0103n h\u1ed9 r\u1ed9ng 95m2, 2 ph\u00f2ng ng\u1ee7, full n\u1ed9i th\u1ea5t gi\u00e1 ch\u1ec9 t\u1eeb 13 tr\/th\u00e1ng.<\/p>\n<p>C\u0103n h\u1ed9 r\u1ed9ng 95m2, 2 ph\u00f2ng ng\u1ee7, \u0111\u1ed3 c\u01a1 b\u1ea3n gi\u00e1 ch\u1ec9 t\u1eeb 10 tr\/th\u00e1ng.<\/p>\n<p>C\u0103n h\u1ed9 r\u1ed9ng 100m2, 2 ph\u00f2ng ng\u1ee7, full n\u1ed9i th\u1ea5t sang, \u0111\u1eb9p gi\u00e1 ch\u1ec9 t\u1eeb 14 tr\/th\u00e1ng.<\/p>\n<p>C\u0103n h\u1ed9 r\u1ed9ng 100m2, 2 ph\u00f2ng ng\u1ee7, \u0111\u1ed3 c\u01a1 b\u1ea3n gi\u00e1 ch\u1ec9 t\u1eeb 11 tr\/th\u00e1ng.<\/p>\n<p>C\u0103n h\u1ed9 r\u1ed9ng 120m2, 2 ph\u00f2ng ng\u1ee7, full n\u1ed9i th\u1ea5t \u0111\u1eb9p gi\u00e1 ch\u1ec9 t\u1eeb 1 tr\/th\u00e1ng.<\/p>\n<p>C\u0103n h\u1ed9 r\u1ed9ng 120m2, 2 ph\u00f2ng ng\u1ee7, \u0111\u1ed3 c\u01a1 b\u1ea3n gi\u00e1 ch\u1ec9 t\u1eeb 12 tr\/th\u00e1ng.<\/p>\n<p>C\u0103n h\u1ed9 r\u1ed9ng 117m2, 3 ph\u00f2ng ng\u1ee7, full n\u1ed9i th\u1ea5t gi\u00e1 14 tr\/th\u00e1ng.<\/p>\n<p>C\u0103n h\u1ed9 r\u1ed9ng 117m2, 3 ph\u00f2ng ng\u1ee7, \u0111\u1ed3 c\u01a1 b\u1ea3n gi\u00e1 13 tr\/th\u00e1ng.<\/p>\n<p>C\u0103n h\u1ed9 r\u1ed9ng 118m2, 3 ph\u00f2ng ng\u1ee7, full n\u1ed9i th\u1ea5t t\u1eeb 14 tr\/th\u00e1ng.<\/p>\n<p>C\u0103n h\u1ed9 r\u1ed9ng 118m2, 3 ph\u00f2ng ng\u1ee7, \u0111\u1ed3 c\u01a1 b\u1ea3n t\u1eeb 13 tr\/th\u00e1ng.<\/p>\n<p>C\u0103n h\u1ed9 r\u1ed9ng 120m2, 3 ph\u00f2ng ng\u1ee7, full n\u1ed9i th\u1ea5t gi\u00e1 15 tr\/th\u00e1ng.<\/p>\n<p>C\u0103n h\u1ed9 r\u1ed9ng 120m2, 3 ph\u00f2ng ng\u1ee7, \u0111\u1ed3 c\u01a1 b\u1ea3n gi\u00e1 13tr\/th\u00e1ng.<\/p>\n<p>C\u0103n h\u1ed9 r\u1ed9ng 153m2, 3 ph\u00f2ng ng\u1ee7, full n\u1ed9i th\u1ea5t gi\u00e1 16 tri\u1ec7u\/th\u00e1ng.<\/p>\n<p>C\u0103n h\u1ed9 r\u1ed9ng 153m2, 3 ph\u00f2ng ng\u1ee7, \u0111\u1ed3 c\u01a1 b\u1ea3n 14 tri\u1ec7u\/th\u00e1ng.<\/p>\n<p>C\u0103n h\u1ed9 r\u1ed9ng 158m2, 4 ph\u00f2ng ng\u1ee7, \u0111\u1ee7 \u0111\u1ed3 17 tri\u1ec7u\/th\u00e1ng.<\/p>\n<p>C\u0103n h\u1ed9 r\u1ed9ng 158m2, 4 ph\u00f2ng ng\u1ee7, \u0111\u1ed3 c\u01a1 b\u1ea3n 15 tri\u1ec7u\/th\u00e1ng.<\/p>\n<p>\u2013 C\u0103n h\u1ed9 N05 \u0111\u01b0\u1ee3c thi\u1ebft k\u1ebf duy nh\u1ea5t 3 ph\u00f2ng ng\u1ee7 v\u1edbi c\u00f3 5 lo\u1ea1i di\u1ec7n t\u00edch: 152m2, 155m2, 159m2, 162m2 v\u00e0 181m2.<br \/>\n+ Gi\u00e1 thu\u00ea c\u0103n h\u1ed9 \u0111\u1ed3 c\u01a1 b\u1ea3n giao \u0111\u1ed9ng trong kho\u1ea3ng: 15.88 tri\u1ec7u &#8211; 18.14 tri\u1ec7u\/th.<br \/>\n+ C\u00f2n gi\u00e1 thu\u00ea c\u0103n h\u1ed9 N05 \u0111\u1ea7y \u0111\u1ee7 n\u1ed9i th\u1ea5t t\u1eeb 20.41 tri\u1ec7u &#8211; 22.68 tri\u1ec7u\/th (T\u00f9y thu\u1ed9c n\u1ed9i th\u1ea5t c\u0103n h\u1ed9 m\u00e0 gi\u00e1 thu\u00ea c\u00f3 th\u1ec3 kh\u00e1c nhau).<\/p>\n<p>&#8211; C\u0103n h\u1ed9 N04.<br \/>\n+ Gi\u00e1 thu\u00ea c\u0103n h\u1ed9 2 ph\u00f2ng ng\u1ee7, \u0111\u1ed3 c\u01a1 b\u1ea3n giao \u0111\u1ed9ng t\u1eeb 12 -13tr\/th. \u0110\u1ee7 \u0111\u1ed3 t\u1eeb 17.01 tri\u1ec7u &#8211; 18.14 tri\u1ec7u\/th<br \/>\n+ Gi\u00e1 thu\u00ea c\u0103n h\u1ed9 3 ph\u00f2ng ng\u1ee7, \u0111\u1ed3 c\u01a1 b\u1ea3n: 14 &#8211; 16tr\/th. \u0110\u1ee7 \u0111\u1ed3 t\u1eeb 20.41 tri\u1ec7u &#8211; 22.68 tri\u1ec7u\/th<\/p>\n<p>Li\u00ean h\u1ec7 0981331919 \u0111\u1ec3 \u0111\u01b0\u1ee3c t\u01b0 v\u1ea5n mi\u1ec5n ph\u00ed v\u00e0 thu\u00ea c\u0103n h\u1ed9 \u0111\u1eb9p nh\u1ea5t v\u1edbi gi\u00e1 r\u1ebb nh\u1ea5t. H\u1ed7 tr\u1ee3 to\u00e0n b\u1ed9 th\u1ee7 t\u1ee5c sau thu\u00ea nh\u01b0 \u0111\u0103ng k\u00fd t\u1ea1m tr\u00fa, th\u1ebb c\u01b0 d\u00e2n&#8230;<\/p>\n<p>Ngo\u00e0i c\u00e1c c\u0103n tr\u00ean, \u0111ang c\u00f2n r\u1ea5t nhi\u1ec1u c\u00e1c c\u0103n kh\u00e1c, h\u00e3y li\u00ean h\u1ec7 tr\u1ef1c ti\u1ebfp t\u1edbi\u00a00981331919 \u0111\u1ec3 \u0111\u01b0\u1ee3c t\u01b0 v\u1ea5n c\u1ee5 th\u1ec3.<br \/>\nCh\u00fang t\u00f4i lu\u00f4n c\u00f3 c\u00e1c c\u0103n h\u1ed9 \u0111\u1eb9p nh\u1ea5t, gi\u00e1 thu\u00ea r\u1ebb nh\u1ea5t. \u0110\u1ea3m b\u1ea3o s\u1ebd ph\u00f9 h\u1ee3p v\u1edbi b\u1ea1n.<br \/>\nCh\u00fang t\u00f4i \u0111\u01b0a b\u1ea1n \u0111i xem tr\u1ef1c ti\u1ebfp c\u0103n h\u1ed9, mi\u1ec5n ph\u00ed 100% ph\u00ed d\u1ecbch v\u1ee5. B\u1ea1n c\u00f3 th\u1ec3 ho\u00e0n to\u00e0n y\u00ean t\u00e2m.<br \/>\nB\u1ea1n s\u1ebd \u0111\u01b0\u1ee3c l\u00e0m vi\u1ec7c tr\u1ef1c ti\u1ebfp v\u1edbi ch\u1ee7 nh\u00e0. C\u00f2n ch\u00fang t\u00f4i s\u1ebd \u0111\u00e0m ph\u00e1n gi\u00e1 thu\u00ea t\u1ed1t nh\u1ea5t cho b\u1ea1n.<br \/>\nH\u1ed7 tr\u1ee3 t\u01b0 v\u1ea5n v\u1ec1 ph\u00e1p l\u00fd v\u00e0 th\u1ee7 t\u1ee5c trong su\u1ed1t th\u1eddi gian thu\u00ea nh\u00e0 &#8211; \u0110\u1ea3m b\u1ea3o quy\u1ec1n l\u1ee3i c\u1ee7a b\u1ea1n.<br \/>\nG\u1ecdi ngay\u00a00981331919 \u0111i xem nh\u00e0 tr\u1ef1c ti\u1ebfp.<br \/>\nXin c\u1ea3m \u01a1n v\u00e0 ch\u00fac b\u1ea1n g\u1eb7p th\u1eadt nhi\u1ec1u may m\u1eafn v\u00e0 th\u00e0nh c\u00f4ng!<\/p>\n","protected":false},"excerpt":{"rendered":"<p>Danh s\u00e1ch 1 s\u1ed1 c\u0103n h\u1ed9 ch\u00ednh ch\u1ee7 \u0111ang c\u1ea7n cho thu\u00ea: Ch\u00fang t\u00f4i c\u00f3 ph\u00e2n ph\u1ed1i c\u00e1c c\u0103n h\u1ed9 chung c\u01b0 cho thu\u00ea b\u00ean Trung H\u00f2a Nh\u00e2n Ch\u00ednh \u0111\u1ea7y \u0111\u1ee7 c\u00e1c lo\u1ea1i di\u1ec7n t\u00edch v\u1edbi gi\u00e1 th\u1ea5p nh\u1ea5t: C\u0103n h\u1ed9 r\u1ed9ng 65m2, 1 ph\u00f2ng ng\u1ee7, \u0111\u1ee7 \u0111\u1ed3 ch\u1ec9 t\u1eeb 9 tr\/th\u00e1ng. C\u0103n h\u1ed9 r\u1ed9ng<\/p>\n","protected":false},"featured_media":23,"template":"","meta":[],"_links":{"self":[{"href":"http:\/\/mau.hoabinhweb.com\/batdongsan2\/wp-json\/wp\/v2\/product\/191"}],"collection":[{"href":"http:\/\/mau.hoabinhweb.com\/batdongsan2\/wp-json\/wp\/v2\/product"}],"about":[{"href":"http:\/\/mau.hoabinhweb.com\/batdongsan2\/wp-json\/wp\/v2\/types\/product"}],"wp:featuredmedia":[{"embeddable":true,"href":"http:\/\/mau.hoabinhweb.com\/batdongsan2\/wp-json\/wp\/v2\/media\/23"}],"wp:attachment":[{"href":"http:\/\/mau.hoabinhweb.com\/batdongsan2\/wp-json\/wp\/v2\/media?parent=191"}],"curies":[{"name":"wp","href":"https:\/\/api.w.org\/{rel}","templated":true}]}}