{"id":393,"date":"2019-03-07T07:33:52","date_gmt":"2019-03-07T07:33:52","guid":{"rendered":"http:\/\/mau.hoabinhweb.com\/batdongsan2\/?page_id=393"},"modified":"2021-03-28T21:51:41","modified_gmt":"2021-03-28T14:51:41","slug":"ky-gui-bat-dong-san","status":"publish","type":"page","link":"http:\/\/mau.hoabinhweb.com\/batdongsan2\/ky-gui-bat-dong-san\/","title":{"rendered":"K\u00fd g\u1eedi b\u1ea5t \u0111\u1ed9ng s\u1ea3n"},"content":{"rendered":"<div role=\"form\" class=\"wpcf7\" id=\"wpcf7-f394-o1\" lang=\"vi\" dir=\"ltr\">\n<div class=\"screen-reader-response\"><p role=\"status\" aria-live=\"polite\" aria-atomic=\"true\"><\/p> <ul><\/ul><\/div>\n<form action=\"\/batdongsan2\/wp-json\/wp\/v2\/pages\/393#wpcf7-f394-o1\" method=\"post\" class=\"wpcf7-form init\" enctype=\"multipart\/form-data\" novalidate=\"novalidate\" data-status=\"init\">\n<div style=\"display: none;\">\n<input type=\"hidden\" name=\"_wpcf7\" value=\"394\" \/>\n<input type=\"hidden\" name=\"_wpcf7_version\" value=\"5.4\" \/>\n<input type=\"hidden\" name=\"_wpcf7_locale\" value=\"vi\" \/>\n<input type=\"hidden\" name=\"_wpcf7_unit_tag\" value=\"wpcf7-f394-o1\" \/>\n<input type=\"hidden\" name=\"_wpcf7_container_post\" value=\"0\" \/>\n<input type=\"hidden\" name=\"_wpcf7_posted_data_hash\" value=\"\" \/>\n<\/div>\n<div class=\"nd-form\">\n<h3 style=\"text-align: center;\">H\u00e3y \u0111i\u1ec1n \u0111\u1ea7y \u0111\u1ee7 th\u00f4ng tin c\u1ee7a b\u1ea1n.<\/h3>\n<p style=\"text-align: center;\">\u0110\u1ec3 ch\u00fang t\u00f4i c\u00f3 th\u1ec3 h\u1ed7 tr\u1ee3 b\u1ea1n m\u1ed9t c\u00e1ch t\u1ed1t nh\u1ea5t.<\/p>\n<div class=\"nd-form-content-top\">\n<h3> Th\u00f4ng tin \u0111\u0103ng b\u00e1n b\u1ea5t \u0111\u1ed9ng s\u1ea3n <\/h3>\n<div class=\"nd-form-left\">\n<span class=\"wpcf7-form-control-wrap your-loaibds\"><select name=\"your-loaibds\" class=\"wpcf7-form-control wpcf7-select wpcf7-validates-as-required\" aria-required=\"true\" aria-invalid=\"false\"><option value=\"\">Lo\u1ea1i b\u1ea5t \u0111\u1ed9ng s\u1ea3n<\/option><option value=\"Nh\u00e0 m\u1eb7t ph\u1ed1\">Nh\u00e0 m\u1eb7t ph\u1ed1<\/option><option value=\"Nh\u00e0 trong ng\u00f5\">Nh\u00e0 trong ng\u00f5<\/option><option value=\"Chung c\u01b0\">Chung c\u01b0<\/option><option value=\"Nh\u00e0 li\u1ec1n k\u1ec1\">Nh\u00e0 li\u1ec1n k\u1ec1<\/option><option value=\"Bi\u1ec7t th\u1ef1\">Bi\u1ec7t th\u1ef1<\/option><\/select><\/span><\/p>\n<p><span class=\"wpcf7-form-control-wrap your-tenbds\"><input type=\"text\" name=\"your-tenbds\" value=\"\" size=\"40\" class=\"wpcf7-form-control wpcf7-text wpcf7-validates-as-required\" aria-required=\"true\" aria-invalid=\"false\" placeholder=\"Ti\u00eau \u0111\u1ec1 \u0111\u0103ng tin\" \/><\/span><\/p>\n<p><span class=\"wpcf7-form-control-wrap your-quanhuyen\"><input type=\"text\" name=\"your-quanhuyen\" value=\"\" size=\"40\" class=\"wpcf7-form-control wpcf7-text wpcf7-validates-as-required\" aria-required=\"true\" aria-invalid=\"false\" placeholder=\"Qu\u1eadn huy\u1ec7n\" \/><\/span><\/p>\n<p><span class=\"wpcf7-form-control-wrap your-dientich\"><input type=\"text\" name=\"your-dientich\" value=\"\" size=\"40\" class=\"wpcf7-form-control wpcf7-text wpcf7-validates-as-required\" aria-required=\"true\" aria-invalid=\"false\" placeholder=\"Di\u1ec7n t\u00edch\" \/><\/span><\/p>\n<\/div>\n<div class=\"nd-form-right\">\n<p><span class=\"wpcf7-form-control-wrap your-phongngu\"><input type=\"text\" name=\"your-phongngu\" value=\"\" size=\"40\" class=\"wpcf7-form-control wpcf7-text wpcf7-validates-as-required\" aria-required=\"true\" aria-invalid=\"false\" placeholder=\"S\u1ed1 ph\u00f2ng ng\u1ee7\" \/><\/span><\/p>\n<p><span class=\"wpcf7-form-control-wrap your-tinhthanh\"><input type=\"text\" name=\"your-tinhthanh\" value=\"\" size=\"40\" class=\"wpcf7-form-control wpcf7-text wpcf7-validates-as-required\" aria-required=\"true\" aria-invalid=\"false\" placeholder=\"S\u1ed1 ph\u00f2ng t\u1eafm\" \/><\/span><\/p>\n<p><span class=\"wpcf7-form-control-wrap your-huongnha\"><input type=\"text\" name=\"your-huongnha\" value=\"\" size=\"40\" class=\"wpcf7-form-control wpcf7-text wpcf7-validates-as-required\" aria-required=\"true\" aria-invalid=\"false\" placeholder=\"H\u01b0\u1edbng nh\u00e0\" \/><\/span><\/p>\n<p><span class=\"wpcf7-form-control-wrap your-gia\"><input type=\"text\" name=\"your-gia\" value=\"\" size=\"40\" class=\"wpcf7-form-control wpcf7-text wpcf7-validates-as-required\" aria-required=\"true\" aria-invalid=\"false\" placeholder=\"Gi\u00e1 ti\u1ec1n\" \/><\/span><\/p>\n<\/div>\n<\/div>\n<div class=\"nd-form-content\">\n<h3> Th\u00f4ng tin li\u00ean h\u1ec7 <\/h3>\n<div class=\"col col-left\"> <span class=\"wpcf7-form-control-wrap your-name\"><input type=\"text\" name=\"your-name\" value=\"\" size=\"40\" class=\"wpcf7-form-control wpcf7-text wpcf7-validates-as-required\" aria-required=\"true\" aria-invalid=\"false\" placeholder=\"H\u1ecd t\u00ean\" \/><\/span> <\/div>\n<div class=\"col col-right\"> <span class=\"wpcf7-form-control-wrap your-phone\"><input type=\"tel\" name=\"your-phone\" value=\"\" size=\"40\" class=\"wpcf7-form-control wpcf7-text wpcf7-tel wpcf7-validates-as-required wpcf7-validates-as-tel\" aria-required=\"true\" aria-invalid=\"false\" placeholder=\"S\u1ed1 \u0111i\u1ec7n tho\u1ea1i\" \/><\/span> <\/div>\n<div class=\"col col-left\"> <span class=\"wpcf7-form-control-wrap your-email\"><input type=\"email\" name=\"your-email\" value=\"\" size=\"40\" class=\"wpcf7-form-control wpcf7-text wpcf7-email wpcf7-validates-as-email\" aria-invalid=\"false\" placeholder=\"Email\" \/><\/span> <\/div>\n<div class=\"col col-right\"> <span class=\"wpcf7-form-control-wrap your-address\"><input type=\"text\" name=\"your-address\" value=\"\" size=\"40\" class=\"wpcf7-form-control wpcf7-text\" aria-invalid=\"false\" placeholder=\"\u0110\u1ecba ch\u1ec9\" \/><\/span> <\/div>\n<p><label> \u1ea2nh nh\u00e0 (\u00cdt nh\u1ea5t 2 \u1ea3nh, dung l\u01b0\u1ee3ng \u1ea3nh t\u1ed1i \u0111a l\u00e0 1Mb)<\/label><br \/>\n<span class=\"wpcf7-form-control-wrap your-image\"><input type=\"file\" name=\"your-image\" size=\"40\" class=\"wpcf7-form-control wpcf7-file wpcf7-validates-as-required\" accept=\".gif,.png,.jpg,.jpeg\" aria-required=\"true\" aria-invalid=\"false\" \/><\/span><\/p>\n<p><span class=\"wpcf7-form-control-wrap your-image-1\"><input type=\"file\" name=\"your-image-1\" size=\"40\" class=\"wpcf7-form-control wpcf7-file wpcf7-validates-as-required\" accept=\".gif,.png,.jpg,.jpeg\" aria-required=\"true\" aria-invalid=\"false\" \/><\/span><\/p>\n<p><span class=\"wpcf7-form-control-wrap your-image-2\"><input type=\"file\" name=\"your-image-2\" size=\"40\" class=\"wpcf7-form-control wpcf7-file\" accept=\".gif,.png,.jpg,.jpeg\" aria-invalid=\"false\" \/><\/span><\/p>\n<p><span class=\"wpcf7-form-control-wrap your-message\"><textarea name=\"your-message\" cols=\"40\" rows=\"10\" class=\"wpcf7-form-control wpcf7-textarea\" aria-invalid=\"false\" placeholder=\"Ghi ch\u00fa\"><\/textarea><\/span><\/p>\n<\/div>\n<p style=\"text-align: center\"><input type=\"submit\" value=\"X\u00e1c nh\u1eadn \u0111\u0103ng k\u00fd\" class=\"wpcf7-form-control wpcf7-submit\" \/><\/p>\n<\/div>\n<div class=\"wpcf7-response-output\" aria-hidden=\"true\"><\/div><\/form><\/div>\n","protected":false},"excerpt":{"rendered":"","protected":false},"author":1,"featured_media":0,"parent":0,"menu_order":0,"comment_status":"closed","ping_status":"closed","template":"page-no-sidebar.php","meta":[],"_links":{"self":[{"href":"http:\/\/mau.hoabinhweb.com\/batdongsan2\/wp-json\/wp\/v2\/pages\/393"}],"collection":[{"href":"http:\/\/mau.hoabinhweb.com\/batdongsan2\/wp-json\/wp\/v2\/pages"}],"about":[{"href":"http:\/\/mau.hoabinhweb.com\/batdongsan2\/wp-json\/wp\/v2\/types\/page"}],"author":[{"embeddable":true,"href":"http:\/\/mau.hoabinhweb.com\/batdongsan2\/wp-json\/wp\/v2\/users\/1"}],"replies":[{"embeddable":true,"href":"http:\/\/mau.hoabinhweb.com\/batdongsan2\/wp-json\/wp\/v2\/comments?post=393"}],"version-history":[{"count":1,"href":"http:\/\/mau.hoabinhweb.com\/batdongsan2\/wp-json\/wp\/v2\/pages\/393\/revisions"}],"predecessor-version":[{"id":395,"href":"http:\/\/mau.hoabinhweb.com\/batdongsan2\/wp-json\/wp\/v2\/pages\/393\/revisions\/395"}],"wp:attachment":[{"href":"http:\/\/mau.hoabinhweb.com\/batdongsan2\/wp-json\/wp\/v2\/media?parent=393"}],"curies":[{"name":"wp","href":"https:\/\/api.w.org\/{rel}","templated":true}]}}