{"id":321,"date":"2019-03-06T10:56:34","date_gmt":"2019-03-06T10:56:34","guid":{"rendered":"http:\/\/mau.hoabinhweb.com\/batdongsan2\/?page_id=321"},"modified":"2019-03-06T10:56:34","modified_gmt":"2019-03-06T10:56:34","slug":"chinh-sach-doi-tra-hang","status":"publish","type":"page","link":"http:\/\/mau.hoabinhweb.com\/batdongsan2\/chinh-sach-doi-tra-hang\/","title":{"rendered":"Ch\u00ednh s\u00e1ch \u0111\u1ed5i tr\u1ea3 h\u00e0ng"},"content":{"rendered":"<p>Trong c\u00e1c tr\u01b0\u1eddng h\u1ee3p sau, h\u00e3y li\u00ean h\u1ec7 ngay v\u1edbi ch\u00fang t\u00f4i \u0111\u1ec3 \u0111\u01b0\u1ee3c \u0111\u1ed5i tr\u1ea3 h\u00e0ng trong th\u1eddi gian s\u1edbm nh\u1ea5t:<\/p>\n<p>S\u1ea3n ph\u1ea9m b\u1ecb l\u1ed7i, h\u1ecfng ho\u1eb7c do v\u1eadn chuy\u1ec3n.<\/p>\n<p>G\u1eedi sai s\u1ea3n ph\u1ea9m.<\/p>\n<p>L\u1ed7i do nh\u1ea7m l\u1eabn c\u1ee7a nh\u00e2n vi\u00ean t\u01b0 v\u1ea5n<\/p>\n","protected":false},"excerpt":{"rendered":"<p>Trong c\u00e1c tr\u01b0\u1eddng h\u1ee3p sau, h\u00e3y li\u00ean h\u1ec7 ngay v\u1edbi ch\u00fang t\u00f4i \u0111\u1ec3 \u0111\u01b0\u1ee3c \u0111\u1ed5i tr\u1ea3 h\u00e0ng trong th\u1eddi gian s\u1edbm nh\u1ea5t: S\u1ea3n ph\u1ea9m b\u1ecb l\u1ed7i, h\u1ecfng ho\u1eb7c do v\u1eadn chuy\u1ec3n. G\u1eedi sai s\u1ea3n ph\u1ea9m. L\u1ed7i do nh\u1ea7m l\u1eabn c\u1ee7a nh\u00e2n vi\u00ean t\u01b0 v\u1ea5n<\/p>\n","protected":false},"author":1,"featured_media":0,"parent":0,"menu_order":0,"comment_status":"closed","ping_status":"closed","template":"","meta":[],"_links":{"self":[{"href":"http:\/\/mau.hoabinhweb.com\/batdongsan2\/wp-json\/wp\/v2\/pages\/321"}],"collection":[{"href":"http:\/\/mau.hoabinhweb.com\/batdongsan2\/wp-json\/wp\/v2\/pages"}],"about":[{"href":"http:\/\/mau.hoabinhweb.com\/batdongsan2\/wp-json\/wp\/v2\/types\/page"}],"author":[{"embeddable":true,"href":"http:\/\/mau.hoabinhweb.com\/batdongsan2\/wp-json\/wp\/v2\/users\/1"}],"replies":[{"embeddable":true,"href":"http:\/\/mau.hoabinhweb.com\/batdongsan2\/wp-json\/wp\/v2\/comments?post=321"}],"version-history":[{"count":1,"href":"http:\/\/mau.hoabinhweb.com\/batdongsan2\/wp-json\/wp\/v2\/pages\/321\/revisions"}],"predecessor-version":[{"id":327,"href":"http:\/\/mau.hoabinhweb.com\/batdongsan2\/wp-json\/wp\/v2\/pages\/321\/revisions\/327"}],"wp:attachment":[{"href":"http:\/\/mau.hoabinhweb.com\/batdongsan2\/wp-json\/wp\/v2\/media?parent=321"}],"curies":[{"name":"wp","href":"https:\/\/api.w.org\/{rel}","templated":true}]}}