{"id":319,"date":"2019-03-06T10:57:00","date_gmt":"2019-03-06T10:57:00","guid":{"rendered":"http:\/\/mau.hoabinhweb.com\/batdongsan2\/?page_id=319"},"modified":"2019-03-06T10:57:00","modified_gmt":"2019-03-06T10:57:00","slug":"chinh-sach-va-quy-dinh-chung","status":"publish","type":"page","link":"http:\/\/mau.hoabinhweb.com\/batdongsan2\/chinh-sach-va-quy-dinh-chung\/","title":{"rendered":"Ch\u00ednh s\u00e1ch v\u00e0 quy \u0111\u1ecbnh chung"},"content":{"rendered":"<p style=\"text-align: justify;\">1.1. Quy\u1ec1n v\u00e0 ngh\u0129a v\u1ee5 c\u1ee7a b\u00ean A:<br \/>\nQuy\u1ec1n c\u1ee7a b\u00ean A:<br \/>\n\u2013 B\u00ean A c\u00f3 quy\u1ec1n \u0111\u01a1n ph\u01b0\u01a1ng ch\u1ea5m d\u1ee9t h\u1ee3p \u0111\u1ed3ng trong tr\u01b0\u1eddng h\u1ee3p b\u00ean B kh\u00f4ng th\u1ef1c hi\u1ec7n \u0111\u00fang theo h\u1ee3p \u0111\u1ed3ng ho\u1eb7c vi ph\u1ea1m c\u00e1c n\u1ed9i quy ch\u00ednh s\u00e1ch \u0111\u00e3 \u0111\u1ec1 ra trong h\u1ee3p \u0111\u1ed3ng.<br \/>\n\u2013 B\u00ean A c\u00f3 quy\u1ec1n y\u00eau c\u1ea7u B\u00ean B thanh to\u00e1n ti\u1ec1n theo h\u1ee3p \u0111\u1ed3ng v\u00e0 b\u1ed3i th\u01b0\u1eddng thi\u1ec7t h\u1ea1i cho B\u00ean A trong b\u1ea5t k\u1ef3 tr\u01b0\u1eddng h\u1ee3p B\u00ean B kh\u00f4ng th\u1ef1c hi\u1ec7n \u0111\u00fang theo h\u1ee3p \u0111\u1ed3ng \u0111\u00e3 k\u00fd c\u1ee7a 2 b\u00ean g\u00e2y t\u1ed5n th\u1ea5t, thi\u1ec7t h\u1ea1i cho B\u00ean A.<\/p>\n<p style=\"text-align: justify;\">Ngh\u0129a v\u1ee5 c\u1ee7a b\u00ean A:<br \/>\n\u2013 Giao h\u00e0ng ho\u1eb7c b\u00e0n giao d\u1ecbch v\u1ee5 \u0111\u00fang nh\u01b0 th\u1ecfa thu\u1eadn trong h\u1ee3p \u0111\u1ed3ng \u0111\u00fang h\u1ea1n.<br \/>\n\u2013 Cung c\u1ea5p cho B\u00ean B c\u00e1c th\u00f4ng tin c\u1ea7n thi\u1ebft li\u00ean quan \u0111\u1ebfn d\u1ecbch v\u1ee5 ho\u1eb7c s\u1ea3n ph\u1ea9m.<\/p>\n<p style=\"text-align: justify;\">1.2. Quy\u1ec1n v\u00e0 ngh\u0129a v\u1ee5 c\u1ee7a b\u00ean B:<br \/>\nQuy\u1ec1n c\u1ee7a b\u00ean B:<br \/>\n\u2013 B\u00ean B c\u00f3 quy\u1ec1n kh\u00f4ng nh\u1eadn h\u00e0ng ho\u1eb7c k\u00fd nghi\u1ec7m thu d\u1ecbch v\u1ee5 n\u1ebfu ch\u1ea5t l\u01b0\u1ee3ng kh\u00f4ng \u0111\u1ea1t nh\u01b0 th\u1ecfa thu\u1eadn \u0111\u00e3 ghi trong h\u1ee3p \u0111\u1ed3ng.<\/p>\n<p style=\"text-align: justify;\">Ngh\u0129a v\u1ee5 c\u1ee7a b\u00ean B :<br \/>\n\u2013 Th\u1ef1c hi\u1ec7n vi\u1ec7c thanh to\u00e1n \u0111\u00fang theo c\u00e1c \u0111i\u1ec1u kho\u1ea3n trong h\u1ee3p \u0111\u1ed3ng \u0111\u00fang h\u1ea1n.<br \/>\n\u2013 Khi nh\u1eadn h\u00e0ng c\u00f3 tr\u00e1ch nhi\u1ec7m ki\u1ec3m tra s\u1ed1 l\u01b0\u1ee3ng, ch\u1ea5t l\u01b0\u1ee3ng \u0111\u1ed1i chi\u1ebfu v\u1edbi bi\u00ean b\u1ea3n b\u00e0n giao nh\u1eb1m tr\u00e1nh ph\u00e1t sinh sau b\u00e1n h\u00e0ng, d\u1ecbch v\u1ee5<\/p>\n<p style=\"text-align: justify;\"><strong>2. Quy \u0111\u1ecbnh v\u00e0 h\u00ecnh th\u1ee9c thanh to\u00e1n<\/strong><\/p>\n<p style=\"text-align: justify;\">2.1. Ph\u01b0\u01a1ng th\u1ee9c thanh to\u00e1n:<br \/>\nB\u00ean B thanh to\u00e1n b\u1eb1ng ti\u1ec1n m\u1eb7t ho\u1eb7c chuy\u1ec3n kho\u1ea3n cho b\u00ean A theo gi\u00e1 tr\u1ecb H\u1ee3p \u0110\u1ed3ng \u0111\u00e3 k\u00fd (c\u00f3 th\u1ec3 chia th\u00e0nh nhi\u1ec1u \u0111\u1ee3t)<\/p>\n<p style=\"text-align: justify;\">2.2. Th\u1eddi h\u1ea1n thanh to\u00e1n:<br \/>\n\u2013 B\u00ean B thanh to\u00e1n ti\u1ec1n h\u00e0ng cho B\u00ean A ngay khi k\u00fd bi\u00ean b\u1ea3n nghi\u1ec7m thu kh\u00f4ng qu\u00e1 5 ng\u00e0y k\u1ec3 t\u1eeb ng\u00e0y b\u00e0n giao.<\/p>\n<p style=\"text-align: justify;\"><strong>3. Ch\u00ednh s\u00e1ch v\u1eadn chuy\u1ec3n\/giao nh\u1eadn\/c\u00e0i \u0111\u1eb7t:<\/strong><\/p>\n<p style=\"text-align: justify;\">3.1. Th\u1eddi \u0111i\u1ec3m \u2013 \u0111\u1ecba \u0111i\u1ec3m giao nh\u1eadn h\u00e0ng h\u00f3a, s\u1ea3n ph\u1ea9m:<br \/>\n\u2013 B\u00ean A b\u00e0n giao h\u00e0ng, s\u1ea3n ph\u1ea9m t\u1ea1i \u0111\u1ecba \u0111i\u1ec3m c\u1ee7a B\u00ean B ho\u1eb7c b\u00ean A nh\u1eb1m thu\u1eadn ti\u1ec7n nh\u1ea5t cho c\u1ea3 2 b\u00ean.<br \/>\n\u2013 H\u00e0ng h\u00f3a \u0111\u01b0\u1ee3c giao th\u00e0nh m\u1ed9t ho\u1eb7c nhi\u1ec1u \u0111\u1ee3t t\u00f9y theo s\u1ed1 l\u01b0\u1ee3ng, nhu c\u1ea7u tr\u00ean \u0111\u01a1n h\u00e0ng v\u00e0 \u0111\u01b0\u1ee3c s\u1ef1 ch\u1ea5p thu\u1eadn c\u1ee7a hai b\u00ean.<\/p>\n<p style=\"text-align: justify;\">3.2. Ph\u01b0\u01a1ng th\u1ee9c giao nh\u1eadn:<br \/>\nH\u00e0ng h\u00f3a \u0111\u01b0\u1ee3c giao nh\u1eadn ho\u00e0n t\u1ea5t k\u1ec3 t\u1eeb khi B\u00ean B k\u00fd Bi\u00ean Nh\u1eadn B\u00e0n Giao c\u1ee7a B\u00ean A v\u1ec1 vi\u1ec7c \u0111\u00e3 nh\u1eadn h\u00e0ng.<\/p>\n<p style=\"text-align: justify;\"><strong>4. Ch\u00ednh s\u00e1ch b\u1ea3o h\u00e0nh\/b\u1ea3o tr\u00ec<\/strong><\/p>\n<p style=\"text-align: justify;\">B\u00ean A c\u00f3 ch\u00ednh s\u00e1ch b\u1ea3o h\u00e0nh v\u00e0 b\u1ea3o tr\u00ec t\u00f9y theo d\u1ecbch v\u1ee5 B\u00ean B \u0111\u0103ng k\u00fd theo nh\u01b0 trong H\u1ee3p \u0110\u1ed3ng \u0111\u00e3 k\u00fd<\/p>\n<p style=\"text-align: justify;\"><strong>5. Ch\u00ednh s\u00e1ch \u0111\u1ed5i\/tr\u1ea3 h\u00e0ng v\u00e0 ho\u00e0n ti\u1ec1n<\/strong><\/p>\n<p style=\"text-align: justify;\">B\u00ean A cam k\u1ebft cho ph\u00e9p \u0111\u1ed5i\/tr\u1ea3 h\u00e0ng v\u00e0 ho\u00e0n ti\u1ec1n n\u1ebfu s\u1ea3n ph\u1ea9m kh\u00f4ng \u0111\u00fang ch\u1ea5t l\u01b0\u1ee3ng nh\u01b0 trong h\u1ee3p \u0111\u1ed3ng \u0111\u00e3 cam k\u1ebft.<\/p>\n<p style=\"text-align: justify;\"><strong>6. Ch\u00ednh s\u00e1ch b\u1ea3o m\u1eadt th\u00f4ng tin<\/strong><\/p>\n<p style=\"text-align: justify;\">Th\u00f4ng tin kh\u00e1ch h\u00e0ng s\u1ebd \u0111\u01b0\u1ee3c b\u1ea3o m\u1eadt v\u00e0 kh\u00f4ng b\u1ecb h\u00e9 l\u1ed9 sang b\u1ea5t k\u1ef3 b\u00ean n\u00e0o kh\u00e1c nh\u1eb1m \u0111\u1ea3m b\u1ea3o quy\u1ec1n l\u1ee3i cho c\u1ea3 b\u00ean A v\u00e0 b\u00ean B. M\u1ecdi v\u1ea5n \u0111\u1ec1 v\u1ec1 b\u1ea3o h\u00e0nh s\u1eeda ch\u1eefa ch\u1ec9 \u0111\u01b0\u1ee3c l\u00e0m vi\u1ec7c tr\u1ef1c ti\u1ebfp v\u1edbi ng\u01b0\u1eddi k\u00fd h\u1ee3p \u0111\u1ed3ng, ho\u1eb7c ng\u01b0\u1eddi \u0111\u1ea1i di\u1ec7n c\u00f3 gi\u1ea5y \u1ee7y quy\u1ec1n.<\/p>\n<p style=\"text-align: justify;\"><strong>7. Quy tr\u00ecnh b\u00e1n h\u00e0ng, cung c\u1ea5p d\u1ecbch v\u1ee5<\/strong><\/p>\n","protected":false},"excerpt":{"rendered":"<p>1.1. Quy\u1ec1n v\u00e0 ngh\u0129a v\u1ee5 c\u1ee7a b\u00ean A: Quy\u1ec1n c\u1ee7a b\u00ean A: \u2013 B\u00ean A c\u00f3 quy\u1ec1n \u0111\u01a1n ph\u01b0\u01a1ng ch\u1ea5m d\u1ee9t h\u1ee3p \u0111\u1ed3ng trong tr\u01b0\u1eddng h\u1ee3p b\u00ean B kh\u00f4ng th\u1ef1c hi\u1ec7n \u0111\u00fang theo h\u1ee3p \u0111\u1ed3ng ho\u1eb7c vi ph\u1ea1m c\u00e1c n\u1ed9i quy ch\u00ednh s\u00e1ch \u0111\u00e3 \u0111\u1ec1 ra trong h\u1ee3p \u0111\u1ed3ng. \u2013 B\u00ean A c\u00f3 quy\u1ec1n y\u00eau<\/p>\n","protected":false},"author":1,"featured_media":0,"parent":0,"menu_order":0,"comment_status":"closed","ping_status":"closed","template":"","meta":[],"_links":{"self":[{"href":"http:\/\/mau.hoabinhweb.com\/batdongsan2\/wp-json\/wp\/v2\/pages\/319"}],"collection":[{"href":"http:\/\/mau.hoabinhweb.com\/batdongsan2\/wp-json\/wp\/v2\/pages"}],"about":[{"href":"http:\/\/mau.hoabinhweb.com\/batdongsan2\/wp-json\/wp\/v2\/types\/page"}],"author":[{"embeddable":true,"href":"http:\/\/mau.hoabinhweb.com\/batdongsan2\/wp-json\/wp\/v2\/users\/1"}],"replies":[{"embeddable":true,"href":"http:\/\/mau.hoabinhweb.com\/batdongsan2\/wp-json\/wp\/v2\/comments?post=319"}],"version-history":[{"count":1,"href":"http:\/\/mau.hoabinhweb.com\/batdongsan2\/wp-json\/wp\/v2\/pages\/319\/revisions"}],"predecessor-version":[{"id":329,"href":"http:\/\/mau.hoabinhweb.com\/batdongsan2\/wp-json\/wp\/v2\/pages\/319\/revisions\/329"}],"wp:attachment":[{"href":"http:\/\/mau.hoabinhweb.com\/batdongsan2\/wp-json\/wp\/v2\/media?parent=319"}],"curies":[{"name":"wp","href":"https:\/\/api.w.org\/{rel}","templated":true}]}}