{"id":3,"date":"2019-03-05T09:48:55","date_gmt":"2019-03-05T09:48:55","guid":{"rendered":"http:\/\/mau.hoabinhweb.com\/batdongsan2\/?page_id=3"},"modified":"2019-03-06T10:56:19","modified_gmt":"2019-03-06T10:56:19","slug":"chinh-sach-bao-mat","status":"publish","type":"page","link":"http:\/\/mau.hoabinhweb.com\/batdongsan2\/chinh-sach-bao-mat\/","title":{"rendered":"Ch\u00ednh s\u00e1ch b\u1ea3o m\u1eadt"},"content":{"rendered":"\r\n<h2><\/h2>\r\n<p style=\"text-align: justify;\"><strong><u>1 \u2013 M\u1ee4C \u0110\u00cdCH V\u00c0 PH\u1ea0M VI THU TH\u1eacP<\/u><\/strong><\/p>\r\n<p style=\"text-align: justify;\">Vi\u1ec7c thu th\u1eadp d\u1eef li\u1ec7u ch\u1ee7 y\u1ebfu tr\u00ean website bao g\u1ed3m: h\u1ecd t\u00ean, email, \u0111i\u1ec7n tho\u1ea1i, \u0111\u1ecba ch\u1ec9 kh\u00e1ch h\u00e0ng trong m\u1ee5c li\u00ean h\u1ec7. \u0110\u00e2y l\u00e0 c\u00e1c th\u00f4ng tin m\u00e0 ch\u00fang t\u00f4i \u00a0c\u1ea7n th\u00e0nh vi\u00ean cung c\u1ea5p b\u1eaft bu\u1ed9c khi g\u1eedi th\u00f4ng tin nh\u1edd t\u01b0 v\u1ea5n hay mu\u1ed1n mua s\u1ea3n ph\u1ea9m v\u00e0 \u0111\u1ec3 ch\u00fang t\u00f4i \u00a0\u00a0li\u00ean h\u1ec7 x\u00e1c nh\u1eadn l\u1ea1i v\u1edbi kh\u00e1ch h\u00e0ng tr\u00ean website nh\u1eb1m \u0111\u1ea3m b\u1ea3o quy\u1ec1n l\u1ee3i cho cho ng\u01b0\u1eddi ti\u00eau d\u00f9ng.<\/p>\r\n<p style=\"text-align: justify;\">C\u00e1c th\u00e0nh vi\u00ean s\u1ebd t\u1ef1 ch\u1ecbu tr\u00e1ch nhi\u1ec7m v\u1ec1 b\u1ea3o m\u1eadt v\u00e0 l\u01b0u gi\u1eef m\u1ecdi ho\u1ea1t \u0111\u1ed9ng s\u1eed d\u1ee5ng d\u1ecbch v\u1ee5 d\u01b0\u1edbi th\u00f4ng tin m\u00e0 m\u00ecnh cung c\u1ea5p v\u00e0 h\u1ed9p th\u01b0 \u0111i\u1ec7n t\u1eed c\u1ee7a m\u00ecnh. Ngo\u00e0i ra, th\u00e0nh vi\u00ean c\u00f3 tr\u00e1ch nhi\u1ec7m th\u00f4ng b\u00e1o k\u1ecbp th\u1eddi cho webiste ch\u00fang t\u00f4i \u00a0\u00a0v\u1ec1 nh\u1eefng h\u00e0nh vi s\u1eed d\u1ee5ng tr\u00e1i ph\u00e9p, l\u1ea1m d\u1ee5ng, vi ph\u1ea1m b\u1ea3o m\u1eadt, l\u01b0u gi\u1eef t\u00ean \u0111\u0103ng k\u00fd v\u00e0 m\u1eadt kh\u1ea9u c\u1ee7a b\u00ean th\u1ee9 ba \u0111\u1ec3 c\u00f3 bi\u1ec7n ph\u00e1p gi\u1ea3i quy\u1ebft ph\u00f9 h\u1ee3p.<\/p>\r\n<p style=\"text-align: justify;\"><strong><u>2 \u2013 PH\u1ea0M VI S\u1eec D\u1ee4NG TH\u00d4NG TIN<\/u><\/strong><\/p>\r\n<p style=\"text-align: justify;\">Ch\u00fang t\u00f4i s\u1eed d\u1ee5ng th\u00f4ng tin th\u00e0nh vi\u00ean cung c\u1ea5p \u0111\u1ec3:<\/p>\r\n<ul style=\"text-align: justify;\">\r\n<li>Li\u00ean h\u1ec7 x\u00e1c nh\u1eadn \u0111\u01a1n h\u00e0ng v\u00e0 giao h\u00e0ng cho th\u00e0nh vi\u00ean khi nh\u1eadn \u0111\u01b0\u1ee3c y\u00eau c\u1ea7u t\u1eeb th\u00e0nh vi\u00ean;<\/li>\r\n<li>Cung c\u1ea5p th\u00f4ng tin v\u1ec1 s\u1ea3n ph\u1ea9m \u0111\u1ebfn kh\u00e1ch h\u00e0ng n\u1ebfu c\u00f3 y\u00eau c\u1ea7u t\u1eeb kh\u00e1ch h\u00e0ng;<\/li>\r\n<li>G\u1eedi email ti\u1ebfp th\u1ecb, khuy\u1ebfn m\u1ea1i v\u1ec1 h\u00e0ng h\u00f3a do ch\u00fang t\u00f4i b\u00e1n;<\/li>\r\n<li>G\u1eedi c\u00e1c th\u00f4ng b\u00e1o v\u1ec1 c\u00e1c ho\u1ea1t \u0111\u1ed9ng tr\u00ean website<\/li>\r\n<li>Li\u00ean l\u1ea1c v\u00e0 gi\u1ea3i quy\u1ebft v\u1edbi ng\u01b0\u1eddi d\u00f9ng trong nh\u1eefng tr\u01b0\u1eddng h\u1ee3p \u0111\u1eb7c bi\u1ec7t;<\/li>\r\n<li>Kh\u00f4ng s\u1eed d\u1ee5ng th\u00f4ng tin c\u00e1 nh\u00e2n c\u1ee7a ng\u01b0\u1eddi d\u00f9ng ngo\u00e0i m\u1ee5c \u0111\u00edch x\u00e1c nh\u1eadn v\u00e0 li\u00ean h\u1ec7 c\u00f3 li\u00ean quan \u0111\u1ebfn giao d\u1ecbch<\/li>\r\n<\/ul>\r\n<p style=\"text-align: justify;\">\u2013\u00a0\u00a0 Khi c\u00f3 y\u00eau c\u1ea7u c\u1ee7a c\u01a1 quan t\u01b0 ph\u00e1p bao g\u1ed3m: Vi\u1ec7n ki\u1ec3m s\u00e1t, t\u00f2a \u00e1n, c\u01a1 quan c\u00f4ng an \u0111i\u1ec1u tra li\u00ean quan \u0111\u1ebfn h\u00e0nh vi vi ph\u1ea1m ph\u00e1p lu\u1eadt n\u00e0o \u0111\u00f3 c\u1ee7a kh\u00e1ch h\u00e0ng.<\/p>\r\n<p style=\"text-align: justify;\"><strong><u>3 \u2013 TH\u1edcI GIAN L\u01afU TR\u1eee TH\u00d4NG TIN<\/u><\/strong><\/p>\r\n<p style=\"text-align: justify;\">D\u1eef li\u1ec7u c\u00e1 nh\u00e2n c\u1ee7a th\u00e0nh vi\u00ean s\u1ebd \u0111\u01b0\u1ee3c l\u01b0u tr\u1eef cho \u0111\u1ebfn khi c\u00f3 y\u00eau c\u1ea7u ban qu\u1ea3n tr\u1ecb h\u1ee7y b\u1ecf. C\u00f2n l\u1ea1i trong m\u1ecdi tr\u01b0\u1eddng h\u1ee3p th\u00f4ng tin c\u00e1 nh\u00e2n th\u00e0nh vi\u00ean s\u1ebd \u0111\u01b0\u1ee3c b\u1ea3o m\u1eadt tr\u00ean m\u00e1y ch\u1ee7 c\u1ee7a ch\u00fang t\u00f4i<\/p>\r\n<p style=\"text-align: justify;\"><strong><u>4 \u2013 NH\u1eeeNG NG\u01af\u1edcI HO\u1eb6C T\u1ed4 CH\u1ee8C C\u00d3 TH\u1ec2 \u0110\u01af\u1ee2C TI\u1ebeP C\u1eacN V\u1edaI TH\u00d4NG TIN C\u00c1 NH\u00c2N<\/u><\/strong><\/p>\r\n<p style=\"text-align: justify;\">\u0110\u1ed1i t\u01b0\u1ee3ng \u0111\u01b0\u1ee3c ti\u1ebfp c\u1eadn v\u1edbi th\u00f4ng tin c\u00e1 nh\u00e2n c\u1ee7a kh\u00e1ch h\u00e0ng thu\u1ed9c m\u1ed9t trong nh\u1eefng tr\u01b0\u1eddng h\u1ee3p sau:<\/p>\r\n<p style=\"text-align: justify;\">\u2013 Kh\u00e1ch h\u00e0ng c\u1ee7a c\u00f4ng ty<\/p>\r\n<p style=\"text-align: justify;\">\u2013 C\u00e1c \u0111\u1ed1i t\u00e1c c\u00f3 k\u00fd h\u1ee3p \u0111\u1ed9ng th\u1ef1c hi\u1ec7n 1 ph\u1ea7n d\u1ecbch v\u1ee5 c\u1ee7a c\u00f4ng ty. C\u00e1c \u0111\u1ed1i t\u00e1c n\u00e0y s\u1ebd nh\u1eadn \u0111\u01b0\u1ee3c nh\u1eefng th\u00f4ng tin theo th\u1ecfa thu\u1eadn h\u1ee3p \u0111\u1ed3ng (c\u00f3 th\u1ec3 1 ph\u1ea7n ho\u1eb7c to\u00e0n b\u1ed9 th\u00f4ng tin tuy theo \u0111i\u1ec1u kho\u1ea3n h\u1ee3p \u0111\u1ed3ng) \u0111\u1ec3 ti\u1ebfn h\u00e0nh h\u1ed7 tr\u1ee3 ng\u01b0\u1eddi d\u00f9ng s\u1eed d\u1ee5ng d\u1ecbch v\u1ee5 do C\u00f4ng ty cung c\u1ea5p.<\/p>\r\n<h2><\/h2>\r\n","protected":false},"excerpt":{"rendered":"<p>1 \u2013 M\u1ee4C \u0110\u00cdCH V\u00c0 PH\u1ea0M VI THU TH\u1eacP Vi\u1ec7c thu th\u1eadp d\u1eef li\u1ec7u ch\u1ee7 y\u1ebfu tr\u00ean website bao g\u1ed3m: h\u1ecd t\u00ean, email, \u0111i\u1ec7n tho\u1ea1i, \u0111\u1ecba ch\u1ec9 kh\u00e1ch h\u00e0ng trong m\u1ee5c li\u00ean h\u1ec7. \u0110\u00e2y l\u00e0 c\u00e1c th\u00f4ng tin m\u00e0 ch\u00fang t\u00f4i \u00a0c\u1ea7n th\u00e0nh vi\u00ean cung c\u1ea5p b\u1eaft bu\u1ed9c khi g\u1eedi th\u00f4ng tin nh\u1edd t\u01b0 v\u1ea5n<\/p>\n","protected":false},"author":1,"featured_media":0,"parent":0,"menu_order":0,"comment_status":"closed","ping_status":"open","template":"","meta":[],"_links":{"self":[{"href":"http:\/\/mau.hoabinhweb.com\/batdongsan2\/wp-json\/wp\/v2\/pages\/3"}],"collection":[{"href":"http:\/\/mau.hoabinhweb.com\/batdongsan2\/wp-json\/wp\/v2\/pages"}],"about":[{"href":"http:\/\/mau.hoabinhweb.com\/batdongsan2\/wp-json\/wp\/v2\/types\/page"}],"author":[{"embeddable":true,"href":"http:\/\/mau.hoabinhweb.com\/batdongsan2\/wp-json\/wp\/v2\/users\/1"}],"replies":[{"embeddable":true,"href":"http:\/\/mau.hoabinhweb.com\/batdongsan2\/wp-json\/wp\/v2\/comments?post=3"}],"version-history":[{"count":1,"href":"http:\/\/mau.hoabinhweb.com\/batdongsan2\/wp-json\/wp\/v2\/pages\/3\/revisions"}],"predecessor-version":[{"id":326,"href":"http:\/\/mau.hoabinhweb.com\/batdongsan2\/wp-json\/wp\/v2\/pages\/3\/revisions\/326"}],"wp:attachment":[{"href":"http:\/\/mau.hoabinhweb.com\/batdongsan2\/wp-json\/wp\/v2\/media?parent=3"}],"curies":[{"name":"wp","href":"https:\/\/api.w.org\/{rel}","templated":true}]}}